    
    {"id":26,"date":"2018-09-06T18:51:12","date_gmt":"2018-09-06T16:51:12","guid":{"rendered":"https:\/\/www.equalsalary.org\/?page_id=26"},"modified":"2023-09-01T16:13:38","modified_gmt":"2023-09-01T14:13:38","slug":"confidentialite","status":"publish","type":"page","link":"https:\/\/www.equalsalary.org\/fr\/confidentialite\/","title":{"rendered":"CHARTE DE CONFIDENTIALIT\u00c9"},"content":{"rendered":"<p>Nous vous remercions de votre visite sur nos sites web, nos pages sur les r\u00e9seaux sociaux (\u201cnos Sites\u201d).<\/p>\n<p>Cette notice de Confidentialit\u00e9 explique les types de donn\u00e9es personnelles que nous recueillons sur nos Sites, dans le cadre de votre relation avec EQUAL-SALARY. Elle d\u00e9crit aussi la fa\u00e7on dont nous utilisons, divulguons et prot\u00e9geons ces informations lors de votre visite sur nos Sites, lors d\u2019\u00e9v\u00e8nements ou de formations et s\u00e9minaires.<\/p>\n<h4>1. NOTRE POLITIQUE DE CONFIDENTIALIT\u00c9 ET VOTRE CONSENTEMENT<\/h4>\n<p>En naviguant sur nos Sites ou en nous donnant vos donn\u00e9es personnelles, vous acceptez les r\u00e8gles d\u00e9crites dans cette notice de Confidentialit\u00e9. Si vous n&rsquo;acceptez pas ces r\u00e8gles, veuillez ne pas utiliser ou visiter nos Sites, ni nous fournir vos donn\u00e9es personnelles<\/p>\n<p>EQUAL-SALARY se r\u00e9serve le droit d&rsquo;apporter des modifications \u00e0 cette Notice de confidentialit\u00e9, qui seront effectives d\u00e8s leur publication sur les Sites. Nous vous informerons des modifications essentielles, mais veuillez-vous assurer de la relire r\u00e9guli\u00e8rement.<\/p>\n<h4>2. LES DONN\u00c9ES COLLECT\u00c9ES PAR EQUAL-SALARY<\/h4>\n<p>Nous ne recueillons que vos donn\u00e9es personnelles qui nous ont \u00e9t\u00e9 communiqu\u00e9es, qui r\u00e9sultent de vos actions sur nos Sites et dont nous avons besoin pour vous offrir ou am\u00e9liorer nos services, ou pour une autre raison l\u00e9gitime:<\/p>\n<ul>\n<li>Donn\u00e9es personnelles directes telles que le nom, l\u2019e-mail, le num\u00e9ro de t\u00e9l\u00e9phone, photo et informations d\u00e9mographiques, y compris le genre ou le lieu de r\u00e9sidence\u00a0;<\/li>\n<li>Information concernant la soci\u00e9t\u00e9 pour laquelle vous travaillez tels que votre employeur ou votre fonction\u00a0;<\/li>\n<li>Information concernant votre profil \u00e0 savoir votre nom et votre e-mail\u00a0;<\/li>\n<li>D\u00e9tails \u00e0 propos de vos exp\u00e9riences professionnelles si vous postulez chez nous\u00a0; cela inclut votre CV;<\/li>\n<li>Vos commentaires y compris les photos, vid\u00e9os et histoires que vous partagez avec nous.<\/li>\n<\/ul>\n<p>Nous utilisons des cookies qui sont des fichiers stock\u00e9s sur votre ordinateur lorsque vous visitez nos Sites et qui peuvent collecter certaines informations, telles que votre adresse IP ou vos pr\u00e9f\u00e9rences de navigation.<\/p>\n<p>Nous pouvons recueillir des donn\u00e9es personnelles provenant notamment d\u2019agr\u00e9gateurs de donn\u00e9es de tiers (par ex. Google), partenaires promotionnels, sources publiques et plateformes de r\u00e9seaux sociaux. Ces informations peuvent inclure des donn\u00e9es personnelles de votre profil sur un r\u00e9seau social et dont vous autorisez ce r\u00e9seau \u00e0 nous communiquer conform\u00e9ment \u00e0 leurs r\u00e8gles.<\/p>\n<h4>3. POURQUOI NOUS COLLECTONS ET UTILISONS DES DONN\u00c9ES PERSONNELLES<\/h4>\n<p>Nous pouvons collecter et utiliser vos donn\u00e9es personnelles dans plusieurs buts, comme par exemple pour\u00a0:<\/p>\n<ul>\n<li>cr\u00e9er et acc\u00e9der \u00e0 votre compte d\u2019utilisateur et trouver votre historique des voyages r\u00e9alis\u00e9s, sur la base de notre relation contractuelle;<\/li>\n<li>r\u00e9pondre \u00e0 vos sollicitations ou demandes, sur la base de votre requ\u00eate;<\/li>\n<li>pour vous contacter \u00e0 des fins marketing sous r\u00e9serve de votre accord;<\/li>\n<li>afin d\u2019analyser la compatibilit\u00e9 entre une offre de travail chez nous et votre candidature\u00a0;<\/li>\n<li>des raisons de s\u00e9curit\u00e9 et de maintenance, d\u2019\u00e9valuation, de gestion des risques, conflits et archivage.<\/li>\n<\/ul>\n<h4>4. \u00c0 QUI COMMUNIQUONS-NOUS VOS DONN\u00c9ES PERSONNELLES ?<\/h4>\n<p>Il est possible que nous divulguions vos donn\u00e9es personnelles pour des raisons sp\u00e9cifiques \u00e0 nos partenaires, prestataires des services, partenaires m\u00e9dias ou autorit\u00e9s lorsque cela est requis par la loi.<\/p>\n<p>Afin de r\u00e9aliser notre programme de certification, nous travaillons en partenariat avec des entit\u00e9s de certification telles que PwC et SGS. Vos coordonn\u00e9es professionnelles ne seront transf\u00e9r\u00e9es \u00e0 PwC ou SGS qu&rsquo;avec votre consentement. Les partenaires de certification peuvent alors devenir les contr\u00f4leurs des donn\u00e9es pour les services qu&rsquo;ils vous rendent directement. Leurs propres politiques de confidentialit\u00e9 s&rsquo;appliquent.<\/p>\n<p>Nous exigeons que ces tiers, qui peuvent \u00eatre bas\u00e9s en dehors du pays d&rsquo;o\u00f9 vous avez acc\u00e9d\u00e9 \u00e0 nos Sites, respectent toutes les lois relatives aux donn\u00e9es personnelles.<\/p>\n<p>Nous pouvons utiliser des plugins sociaux, auquel cas nous pouvons collecter et traiter des informations relatives \u00e0 votre compte sur les plateformes de m\u00e9dias sociaux. L&rsquo;utilisation de ces plateformes tierces collectant des informations vous concernant, autoris\u00e9es par vous, sont r\u00e9gies par leur propre politique de confidentialit\u00e9 et vos param\u00e8tres sur ces plateformes.<\/p>\n<h4>5. SAUVEGARDE ET S\u00c9CURIT\u00c9 DE VOS DONN\u00c9ES<\/h4>\n<p>Nous prenons toutes les pr\u00e9cautions techniques et organisationnelles raisonnables pour s\u00e9curiser vos donn\u00e9es personnelles contre toute perte, acc\u00e8s non-autoris\u00e9 et autre violation. Ces donn\u00e9es ne seront pas vendues ou partag\u00e9es \u00e0 des tiers, sauf dans les cas pr\u00e9vus dans cette Notice de Confidentialit\u00e9.<\/p>\n<p>Lorsque les informations personnelles que nous recueillons ne sont plus requises pour le but donn\u00e9, ni pour aucune exigence l\u00e9gale, nous les d\u00e9truisons ou les supprimons.<\/p>\n<h4>6. VOS DROITS<\/h4>\n<p><strong>6.1 Comment avoir acc\u00e8s \u00e0 vos donn\u00e9es personnelles et les corriger<\/strong><\/p>\n<p>Vous pouvez demander l&rsquo;acc\u00e8s aux donn\u00e9es personnelles que nous d\u00e9tenons \u00e0 votre sujet en nous contactant \u00e0 <a href=\"javascript:secureDecryptAndNavigate('\/QbT2ipv8EYFdRSKkp0Vm93OIGqRPN2641RkprFs2bncG+vVWlx0Vxl1bpz1JQOuf0VIaPFjx\/6d3TNuKpjXL6wSSwKZBOwuDZ\/6', '562b51faa79e5ed13cbf5a78e309a1e1276f957d757bc6834cfa59f56969a34d')\">info{at}<\/a>equalsalary<a href=\"javascript:secureDecryptAndNavigate('ve\/2Q1zeVeiX+2\/OllavKffNHeyo\/2lNbdSChahiUDYzw8GYYgnRZjQOeXrb0tnqbjl489rdaYdMMKBaAZDXdk\/KbWAFU3rfCnBE', '562b51faa79e5ed13cbf5a78e309a1e1276f957d757bc6834cfa59f56969a34d')\">.org<\/a>. Vous avez le droit de nous dire si vous souhaitez corriger, mettre \u00e0 jour ou supprimer vos donn\u00e9es personnelles. Pour nous aider \u00e0 traiter votre demande, veuillez nous fournir les noms correspondants et vos donn\u00e9es de contact.<\/p>\n<p>Vous pouvez vous d\u00e9sinscrire \u00e0 tout moment des communications marketing en suivant les consignes \u00e0 cet effet ou en nous contactant (info{at}equalsalary.org). Vous pouvez \u00e9galement limiter l&rsquo;utilisation des technologies de suivi (telle que l&rsquo;utilisation de cookies en d\u00e9finissant le navigateur afin qu\u2019il vous avertisse avant de les accepter, ou simplement le configurer pour les refuser).<\/p>\n<p><strong>6.2 Comment nous contacter<\/strong><\/p>\n<p>EQUAL-SALARY, fondation sise en Suisse, est le \u00ab\u00a0responsable du traitement des donn\u00e9es personnelles collect\u00e9es\u00a0\u00bb dans le cadre de nos prestations et tel que d\u00e9fini dans notre Notice de Confidentialit\u00e9.<br \/>\nVous pouvez nous contacter par courriel \u00e0 info{at}equalsalary.org, ou par poste \u00e0 l\u2019adresse suivante : Fondation EQUAL-SALARY, Chauss\u00e9e de la Guinguette 12, 1800 Vevey, Suisse ou par t\u00e9l\u00e9phone au num\u00e9ro suivant : +41 76 824 29 85.<\/p>\n<p>&nbsp;<\/p>\n<h3>POLITIQUE SUR LES COOKIES<\/h3>\n<p>Les cookies sont des petits fichiers textes qui sont plac\u00e9s sur votre ordinateur par les sites web que vous visitez, afin que des informations sur votre navigation sur nos Sites puissent \u00eatre collect\u00e9es.<\/p>\n<p>Nous utilisons le terme \u201ccookie\u201d pour d\u00e9signer toute technologie qui collecte des informations \u00e0 partir de votre appareil, en particulier sur l\u2019utilisation de nos Sites, l&rsquo;identification de l&rsquo;appareil, l&rsquo;adresse IP et le type de navigateur, les donn\u00e9es d\u00e9mographiques ou l&rsquo;URL de la page d\u2019o\u00f9 vous provenez.<\/p>\n<p>Nous utilisons \u00e9galement des balises web et pixels pour nous permettre de compter les visiteurs qui ont vu nos pages ou de lire nos messages promotionnels. Ils ne sont pas utilis\u00e9s pour acc\u00e9der \u00e0 vos donn\u00e9es personnelles sans votre consentement.<\/p>\n<p><strong>Les cookies \u201cstrictement n\u00e9cessaires\u201d<\/strong> sont utilis\u00e9s notamment pour:<\/p>\n<ul>\n<li>nous souvenir d\u2019informations que vous avez saisies lorsque vous naviguez sur notre Site;<\/li>\n<li>vous identifier en tant qu\u2019utilisateur connect\u00e9 \u00e0 un Site;<\/li>\n<li>se souvenir des services que vous avez command\u00e9s lorsque vous acc\u00e9dez \u00e0 la page de sortie.<\/li>\n<\/ul>\n<p><strong>Les cookies \u201cde performance\u201d<\/strong> sont utilis\u00e9s notamment pour:<\/p>\n<ul>\n<li>fournir des statistiques sur la fa\u00e7on dont notre Site est utilis\u00e9;<\/li>\n<li>\u00e9tudier l&rsquo;efficacit\u00e9 de nos publicit\u00e9s;<\/li>\n<li>d\u00e9tecter des erreurs;<\/li>\n<li>tester les diff\u00e9rents designs de notre Site.<\/li>\n<\/ul>\n<p><strong>Les cookies \u201cde fonctionnalit\u00e9\u201d<\/strong> sont utilis\u00e9s notamment pour:<\/p>\n<ul>\n<li>nous souvenir de vos configurations (mise en page, langue, pr\u00e9f\u00e9rences);<\/li>\n<li>nous indiquer si vous \u00eates connect\u00e9(e) sur notre Site;<\/li>\n<li>partager des informations avec des partenaires pour fournir un service sur notre Site.<\/li>\n<\/ul>\n<p><strong>Les cookies de \u201cciblage\u201d<\/strong> sont reli\u00e9s \u00e0 des services fournis par des tiers, tels que les boutons \u201c\u2009J\u2019aime\u2009\u201d (Like) et les boutons \u201c\u2009partager\u2009\u201d (Share). Ils sont utilis\u00e9s notamment pour:<\/p>\n<ul>\n<li>r\u00e9aliser des liens avec les r\u00e9seaux sociaux tels que Facebook, qui peuvent ensuite utiliser des informations sur votre visite pour cibler de la publicit\u00e9 pour vous sur d&rsquo;autres sites;<\/li>\n<li>fournir des informations sur votre visite \u00e0 des agences de publicit\u00e9 afin de leur permettre de vous pr\u00e9senter des publicit\u00e9s qui peuvent vous int\u00e9resser.<\/li>\n<\/ul>\n<p>Voici des informations sur certains cookies utilis\u00e9s sur le Site : equalsalary.org<\/p>\n<table>\n<tbody>\n<tr>\n<th>Nom<\/th>\n<th>But<\/th>\n<th>Type de Cookie<\/th>\n<\/tr>\n<tr>\n<td>Google Analytics<\/td>\n<td>Se souvient des actions d\u2019un utilisateur sur les pages pr\u00e9c\u00e9dentes ou ses interactions avec le site web. <a href=\"https:\/\/support.google.com\/analytics\/answer\/6004245\" target=\"_blank\" rel=\"noopener\">https:\/\/support.google.com\/analytics\/answer\/6004245<\/a><\/td>\n<td>Performance<\/td>\n<\/tr>\n<tr>\n<td>Google Adwords<\/td>\n<td>Mesure le taux de conversion des personnes qui cliquent sur une annonce et\/ou finissent par acheter les produits.<\/td>\n<td>Performance<\/td>\n<\/tr>\n<\/tbody>\n<\/table>\n<p>&nbsp;<\/p>\n<p>Vous pouvez d\u00e9sactiver tous les cookies via votre navigateur (informations disponibles sous <a href=\"https:\/\/www.howtogeek.com\/119458\/htg-explains-whats-a-browser-cookie\" target=\"_blank\" rel=\"noopener\">https:\/\/www.howtogeek.com\/119458\/htg-explains-whats-a-browser-cookie<\/a>).<\/p>\n<p>EQUAL-SALARY se r\u00e9serve le droit d&rsquo;apporter des modifications \u00e0 cette notice sur les cookies, qui seront effectives d\u00e8s leur publication sur ce Site. Nous vous informerons des modifications essentielles, mais veuillez-vous assurer de la relire r\u00e9guli\u00e8rement.<\/p>\n<p>EQUAL-SALARY 2018<\/p>\n","protected":false},"excerpt":{"rendered":"<p>Nous vous remercions de votre visite sur nos sites web, nos pages sur les r\u00e9seaux sociaux (\u201cnos Sites\u201d). Cette notice de Confidentialit\u00e9 explique les types de donn\u00e9es personnelles que nous&hellip;<\/p>\n","protected":false},"author":5,"featured_media":0,"parent":0,"menu_order":210,"comment_status":"closed","ping_status":"closed","template":"","meta":{"_acf_changed":false,"footnotes":""},"class_list":["post-26","page","type-page","status-publish","hentry"],"acf":[],"_links":{"self":[{"href":"https:\/\/www.equalsalary.org\/fr\/wp-json\/wp\/v2\/pages\/26","targetHints":{"allow":["GET"]}}],"collection":[{"href":"https:\/\/www.equalsalary.org\/fr\/wp-json\/wp\/v2\/pages"}],"about":[{"href":"https:\/\/www.equalsalary.org\/fr\/wp-json\/wp\/v2\/types\/page"}],"author":[{"embeddable":true,"href":"https:\/\/www.equalsalary.org\/fr\/wp-json\/wp\/v2\/users\/5"}],"replies":[{"embeddable":true,"href":"https:\/\/www.equalsalary.org\/fr\/wp-json\/wp\/v2\/comments?post=26"}],"version-history":[{"count":13,"href":"https:\/\/www.equalsalary.org\/fr\/wp-json\/wp\/v2\/pages\/26\/revisions"}],"predecessor-version":[{"id":13302,"href":"https:\/\/www.equalsalary.org\/fr\/wp-json\/wp\/v2\/pages\/26\/revisions\/13302"}],"wp:attachment":[{"href":"https:\/\/www.equalsalary.org\/fr\/wp-json\/wp\/v2\/media?parent=26"}],"curies":[{"name":"wp","href":"https:\/\/api.w.org\/{rel}","templated":true}]}}