    
    {"id":13529,"date":"2023-09-25T11:05:23","date_gmt":"2023-09-25T09:05:23","guid":{"rendered":"https:\/\/www.equalsalary.org\/questions-and-contact\/"},"modified":"2023-09-25T11:08:28","modified_gmt":"2023-09-25T09:08:28","slug":"questions-and-contact","status":"publish","type":"page","link":"https:\/\/www.equalsalary.org\/fr\/questions-and-contact\/","title":{"rendered":"Questions et contact"},"content":{"rendered":"<p><strong>Addresse:<\/strong><\/p>\n<p>Fondation EQUAL-SALARY<\/p>\n<p>Chauss\u00e9e de la Guinguette 12,<\/p>\n<p>1800 Vevey, Suisse<\/p>\n<p><strong>Contact:<\/strong><\/p>\n<p><a href=\"javascript:secureDecryptAndNavigate('TmCHHWCK+4xJiWM+bzjm4HMpOVBfCgLjffiOJR38Sha\/wjwj+PaywVuaGinCYyXlBHGGtssK97JLTt83VxObnhnKehx9ER81lSZX', '562b51faa79e5ed13cbf5a78e309a1e1276f957d757bc6834cfa59f56969a34d')\">i&#110;&#102;&#111;&#64;equal&#115;alary&#46;&#111;&#114;&#103;<\/a><\/p>\n<p><strong>Protection des donn\u00e9es:<\/strong><\/p>\n<div>Pour toutes les questions relatives \u00e0 la confidentialit\u00e9 des donn\u00e9es, vous pouvez \u00e9galement contacter notre D\u00e9l\u00e9gu\u00e9 externe \u00e0 la Protection des Donn\u00e9es \u00a0<u><a href=\"javascript:secureDecryptAndNavigate('saIqJ\/kUqaINvbq9ZJjIoYDEjEOwp9bNou9njJdUTi6ut9Uk+nbLhMX9N2c+e2\/Crk+8mqGDLVY713qyas16j9C2ZDLVK8XXSrM=', '562b51faa79e5ed13cbf5a78e309a1e1276f957d757bc6834cfa59f56969a34d')\">ici<\/a>.<\/u><\/div>\n<div><\/div>\n<p><a href=\"https:\/\/www.equalsalary.org\/fr\/privacy-center\/\"><img loading=\"lazy\" decoding=\"async\" class=\"alignnone wp-image-13438\" src=\"https:\/\/www.equalsalary.org\/wp-content\/uploads\/2023\/09\/Centre-de-confidentialite-300x35.png\" alt=\"\" width=\"317\" height=\"37\" srcset=\"https:\/\/www.equalsalary.org\/wp-content\/uploads\/2023\/09\/Centre-de-confidentialite-300x35.png 300w, https:\/\/www.equalsalary.org\/wp-content\/uploads\/2023\/09\/Centre-de-confidentialite-1024x121.png 1024w, https:\/\/www.equalsalary.org\/wp-content\/uploads\/2023\/09\/Centre-de-confidentialite-768x90.png 768w, https:\/\/www.equalsalary.org\/wp-content\/uploads\/2023\/09\/Centre-de-confidentialite-800x94.png 800w, https:\/\/www.equalsalary.org\/wp-content\/uploads\/2023\/09\/Centre-de-confidentialite.png 1070w\" sizes=\"auto, (max-width: 317px) 100vw, 317px\" \/><\/a><\/p>\n","protected":false},"excerpt":{"rendered":"<p>Addresse: Fondation EQUAL-SALARY Chauss\u00e9e de la Guinguette 12, 1800 Vevey, Suisse Contact: &#105;nf&#111;&#64;eq&#117;a&#108;&#115;&#97;&#108;&#97;&#114;y.&#111;r&#103; Protection des donn\u00e9es: Pour toutes les questions relatives \u00e0 la confidentialit\u00e9 des donn\u00e9es, vous pouvez \u00e9galement contacter&hellip;<\/p>\n","protected":false},"author":38,"featured_media":0,"parent":0,"menu_order":0,"comment_status":"closed","ping_status":"closed","template":"","meta":{"_acf_changed":false,"footnotes":""},"class_list":["post-13529","page","type-page","status-publish","hentry"],"acf":[],"_links":{"self":[{"href":"https:\/\/www.equalsalary.org\/fr\/wp-json\/wp\/v2\/pages\/13529","targetHints":{"allow":["GET"]}}],"collection":[{"href":"https:\/\/www.equalsalary.org\/fr\/wp-json\/wp\/v2\/pages"}],"about":[{"href":"https:\/\/www.equalsalary.org\/fr\/wp-json\/wp\/v2\/types\/page"}],"author":[{"embeddable":true,"href":"https:\/\/www.equalsalary.org\/fr\/wp-json\/wp\/v2\/users\/38"}],"replies":[{"embeddable":true,"href":"https:\/\/www.equalsalary.org\/fr\/wp-json\/wp\/v2\/comments?post=13529"}],"version-history":[{"count":2,"href":"https:\/\/www.equalsalary.org\/fr\/wp-json\/wp\/v2\/pages\/13529\/revisions"}],"predecessor-version":[{"id":13531,"href":"https:\/\/www.equalsalary.org\/fr\/wp-json\/wp\/v2\/pages\/13529\/revisions\/13531"}],"wp:attachment":[{"href":"https:\/\/www.equalsalary.org\/fr\/wp-json\/wp\/v2\/media?parent=13529"}],"curies":[{"name":"wp","href":"https:\/\/api.w.org\/{rel}","templated":true}]}}