    
    {"id":13488,"date":"2023-09-21T15:39:51","date_gmt":"2023-09-21T13:39:51","guid":{"rendered":"https:\/\/www.equalsalary.org\/?page_id=13488"},"modified":"2025-11-26T16:39:30","modified_gmt":"2025-11-26T15:39:30","slug":"cookies","status":"publish","type":"page","link":"https:\/\/www.equalsalary.org\/fr\/cookies\/","title":{"rendered":"POLITIQUE SUR L\u2019UTILISATION DES COOKIES"},"content":{"rendered":"<p style=\"font-weight: 400;\"><strong>Version 3.0 du 26.11.2025<\/strong><\/p>\n<p style=\"font-weight: 400;\"><strong>\u00a0<\/strong><\/p>\n<ol>\n<li>\n<h4><strong>QUE SONT LES COOKIES<\/strong><strong>?<\/strong><\/h4>\n<\/li>\n<\/ol>\n<p style=\"font-weight: 400;\">Notre site utilise des cookies pour am\u00e9liorer votre navigation. Un cookie est un petit fichier que nous d\u00e9posons sur votre disque dur d\u2019ordinateur (de mobile ou de tablette). Il collecte des informations \u00e0 partir de votre appareil sur l\u2019utilisation de notre site internet, l\u2019identification de l\u2019appareil, l\u2019adresse IP et le type de navigateur, les donn\u00e9es d\u00e9mographiques ou l\u2019URL de la page d\u2019o\u00f9 vous provenez.<\/p>\n<p style=\"font-weight: 400;\">Les cookies vous permettent de b\u00e9n\u00e9ficier de certaines fonctions et vous aident \u00e0 mieux utiliser notre site.<\/p>\n<p style=\"font-weight: 400;\">En particulier, l\u2019utilisation des cookies permet notamment de vous identifier plus rapidement lors de votre prochaine connexion et de personnaliser certains \u00e9l\u00e9ments de notre site, comme la langue.<\/p>\n<p style=\"font-weight: 400;\">La pr\u00e9sente politique fait partie int\u00e9grante de notre politique de confidentialit\u00e9.<\/p>\n<ol start=\"2\">\n<li>\n<h4><strong>GESTION DES COOKIES ET CONSENTEMENT<\/strong><\/h4>\n<\/li>\n<\/ol>\n<p style=\"font-weight: 400;\">\u00c0 tout moment, vous avez la possibilit\u00e9 d\u2019accepter, de refuser ou de modifier votre choix de cookies en cliquant sur \u00ab\u00a0Change Cookie Settings\u00a0\u00bb dans les param\u00e8tres en bas \u00e0 gauche de votre \u00e9cran.<\/p>\n<p><img loading=\"lazy\" decoding=\"async\" class=\"alignnone size-full wp-image-13489\" src=\"https:\/\/www.equalsalary.org\/wp-content\/uploads\/2023\/09\/Cookies-setting.png\" alt=\"\" width=\"278\" height=\"72\" \/><\/p>\n<p style=\"font-weight: 400;\">Vous pouvez d\u00e9sactiver tous les cookies non-essentiels via votre navigateur\u00a0sur le site de la Fondation en cliquant sur le bouton \u00ab\u00a0Tout refuser\u00a0\u00bb, comme sur l\u2019image ci-dessous\u00a0:<\/p>\n<p><span style=\"font-weight: 400;\">\u00a0<\/span><\/p>\n<p style=\"font-weight: 400;\"><img loading=\"lazy\" decoding=\"async\" class=\"alignnone size-large wp-image-13493\" src=\"https:\/\/www.equalsalary.org\/wp-content\/uploads\/2023\/09\/cookies_setting_fr-1024x534.png\" alt=\"\" width=\"640\" height=\"334\" srcset=\"https:\/\/www.equalsalary.org\/wp-content\/uploads\/2023\/09\/cookies_setting_fr-1024x534.png 1024w, https:\/\/www.equalsalary.org\/wp-content\/uploads\/2023\/09\/cookies_setting_fr-300x156.png 300w, https:\/\/www.equalsalary.org\/wp-content\/uploads\/2023\/09\/cookies_setting_fr-768x400.png 768w, https:\/\/www.equalsalary.org\/wp-content\/uploads\/2023\/09\/cookies_setting_fr-1536x801.png 1536w, https:\/\/www.equalsalary.org\/wp-content\/uploads\/2023\/09\/cookies_setting_fr-2048x1068.png 2048w, https:\/\/www.equalsalary.org\/wp-content\/uploads\/2023\/09\/cookies_setting_fr-800x417.png 800w\" sizes=\"auto, (max-width: 640px) 100vw, 640px\" \/><\/p>\n<ol start=\"3\">\n<li>\n<h4><strong>DIFF\u00c9RENTS TYPES DE COOKIES<\/strong><\/h4>\n<\/li>\n<\/ol>\n<p style=\"font-weight: 400;\"><strong>Les cookies n\u00e9cessaires<\/strong> contribuent \u00e0 rendre un site web utilisable en activant des fonctions de base comme la navigation de page et l&rsquo;acc\u00e8s aux zones s\u00e9curis\u00e9es du site web. Le site web ne peut pas fonctionner correctement sans ces cookies. Ils sont donc d\u00e9pos\u00e9s sans votre consentement.<\/p>\n<table style=\"font-weight: 400;\">\n<tbody>\n<tr>\n<td width=\"151\"><strong>Cookie<\/strong><\/td>\n<td width=\"113\"><strong>Conservation<\/strong><\/td>\n<td width=\"339\"><strong>Finalit\u00e9<\/strong><\/td>\n<\/tr>\n<tr>\n<td width=\"151\">moove_gdpr_popup<\/td>\n<td width=\"113\">365 jours<\/td>\n<td width=\"339\">Ce cookie enregistre le choix de l&rsquo;internaute concernant le consentement<\/td>\n<\/tr>\n<tr>\n<td width=\"151\">__stripe_mid<\/td>\n<td width=\"113\">1 ann\u00e9e<\/td>\n<td width=\"339\">Ce cookie est associ\u00e9 \u00e0 Stripe. Stripe utilise un cookie pour se souvenir de votre identit\u00e9 et pour permettre \u00e0 notre site web de traiter les paiements sans stocker d&rsquo;informations sur les cartes de cr\u00e9dit sur nos serveurs.<\/td>\n<\/tr>\n<tr>\n<td width=\"151\">__stripe_sid<\/td>\n<td width=\"113\">30 minutes<\/td>\n<td width=\"339\">Ce cookie est associ\u00e9 \u00e0 Stripe. Stripe utilise un cookie pour se souvenir de votre session et pour permettre \u00e0 notre site web de traiter les paiements sans stocker d&rsquo;informations sur les cartes de cr\u00e9dit sur nos serveurs.<\/td>\n<\/tr>\n<\/tbody>\n<\/table>\n<p style=\"font-weight: 400;\"><strong>\u00a0<\/strong><\/p>\n<p style=\"font-weight: 400;\"><strong>Les cookies statistiques<\/strong> aident les propri\u00e9taires du site web, par la collecte et la communication d&rsquo;informations de mani\u00e8re anonyme, \u00e0 comprendre comment les visiteurs interagissent avec les sites web.<\/p>\n<table style=\"font-weight: 400;\" width=\"604\">\n<tbody>\n<tr>\n<td width=\"149\"><strong>Nom du cookie<\/strong><\/td>\n<td width=\"115\"><strong>Conservation<\/strong><\/td>\n<td width=\"339\"><strong>Finalit\u00e9s<\/strong><\/td>\n<\/tr>\n<tr>\n<td width=\"149\">_pk_id.*<\/td>\n<td width=\"115\">2 ans<\/td>\n<td width=\"339\">Ce cookie est cr\u00e9\u00e9 par Matomo, il stocke les informations sur l\u2019utilisateur, telles que l\u2019identifiant unique du visiteur \u00e0 des fins d\u2019analyses statistiques de la fr\u00e9quentation du site.<\/td>\n<\/tr>\n<tr>\n<td width=\"149\">_pk_ses.*<\/td>\n<td width=\"115\">30 minutes<\/td>\n<td width=\"339\">Enregistre temporairement des donn\u00e9es sur votre visite de notre site internet.<\/td>\n<\/tr>\n<\/tbody>\n<\/table>\n<p style=\"font-weight: 400;\"><strong>Les cookies marketing<\/strong> sont utilis\u00e9s pour effectuer le suivi des visiteurs au travers des sites web. Le but est d&rsquo;afficher des publicit\u00e9s qui sont pertinentes et int\u00e9ressantes pour l&rsquo;utilisateur individuel et donc plus pr\u00e9cieuses pour les \u00e9diteurs et annonceurs tiers.<\/p>\n<table style=\"font-weight: 400;\" width=\"604\">\n<tbody>\n<tr>\n<td width=\"151\"><strong>Nom du cookie<\/strong><\/td>\n<td width=\"123\"><strong>Conservation<\/strong><\/td>\n<td width=\"331\"><strong>Finalit\u00e9s<\/strong><\/td>\n<\/tr>\n<tr>\n<td width=\"151\">_fbp<\/td>\n<td width=\"123\">3 mois<\/td>\n<td width=\"331\">Utilis\u00e9 par Facebook pour fournir une s\u00e9rie de produits publicitaires tels que les offres en temps r\u00e9el d &lsquo;annonceurs tiers.<\/td>\n<\/tr>\n<\/tbody>\n<\/table>\n<ol start=\"4\">\n<li>\n<h4><strong>MISES \u00c0 JOUR DE CETTE POLITIQUE D\u2019UTILISATION DES COOKIES<\/strong><\/h4>\n<\/li>\n<\/ol>\n<p style=\"font-weight: 400;\">La Fondation se r\u00e9serve le droit d\u2019apporter des modifications \u00e0 cette politique sur les cookies, qui seront effectives d\u00e8s leur publication sur ce Site.\u00a0Nous vous informerons des modifications essentielles, mais veuillez-vous assurer de la relire r\u00e9guli\u00e8rement.<\/p>\n<ol start=\"5\">\n<li>\n<h4><strong>CONTACT<\/strong><\/h4>\n<\/li>\n<\/ol>\n<p style=\"font-weight: 400;\">Si vous avez des questions, des commentaires ou des remarques quant \u00e0 la pr\u00e9sente politique, vous pouvez contacter \u00e0 l\u2019adresse email suivante : <a href=\"javascript:secureDecryptAndNavigate('pmfwNJdDNP\/F60EFLl9YBNHAjM89AS6QS8xsZEmcDdstRD3Yry9guk3+7aifK+WnU2M5lTgDqs9y6b+e26+UjRPlmduhdVaRUbo+', '562b51faa79e5ed13cbf5a78e309a1e1276f957d757bc6834cfa59f56969a34d')\">&#105;nf&#111;&#64;eq&#117;&#97;l&#115;ala&#114;y&#46;&#111;r&#103;<\/a><\/p>\n<p>&nbsp;<\/p>\n<p><a href=\"https:\/\/www.equalsalary.org\/fr\/privacy-center\/\"><img loading=\"lazy\" decoding=\"async\" class=\"alignnone wp-image-13438\" src=\"https:\/\/www.equalsalary.org\/wp-content\/uploads\/2023\/09\/Centre-de-confidentialite-300x35.png\" alt=\"\" width=\"317\" height=\"37\" srcset=\"https:\/\/www.equalsalary.org\/wp-content\/uploads\/2023\/09\/Centre-de-confidentialite-300x35.png 300w, https:\/\/www.equalsalary.org\/wp-content\/uploads\/2023\/09\/Centre-de-confidentialite-1024x121.png 1024w, https:\/\/www.equalsalary.org\/wp-content\/uploads\/2023\/09\/Centre-de-confidentialite-768x90.png 768w, https:\/\/www.equalsalary.org\/wp-content\/uploads\/2023\/09\/Centre-de-confidentialite-800x94.png 800w, https:\/\/www.equalsalary.org\/wp-content\/uploads\/2023\/09\/Centre-de-confidentialite.png 1070w\" sizes=\"auto, (max-width: 317px) 100vw, 317px\" \/><\/a><\/p>\n","protected":false},"excerpt":{"rendered":"<p>Version 3.0 du 26.11.2025 \u00a0 QUE SONT LES COOKIES? Notre site utilise des cookies pour am\u00e9liorer votre navigation. Un cookie est un petit fichier que nous d\u00e9posons sur votre disque&hellip;<\/p>\n","protected":false},"author":38,"featured_media":0,"parent":0,"menu_order":0,"comment_status":"closed","ping_status":"closed","template":"","meta":{"_acf_changed":false,"footnotes":""},"class_list":["post-13488","page","type-page","status-publish","hentry"],"acf":[],"_links":{"self":[{"href":"https:\/\/www.equalsalary.org\/fr\/wp-json\/wp\/v2\/pages\/13488","targetHints":{"allow":["GET"]}}],"collection":[{"href":"https:\/\/www.equalsalary.org\/fr\/wp-json\/wp\/v2\/pages"}],"about":[{"href":"https:\/\/www.equalsalary.org\/fr\/wp-json\/wp\/v2\/types\/page"}],"author":[{"embeddable":true,"href":"https:\/\/www.equalsalary.org\/fr\/wp-json\/wp\/v2\/users\/38"}],"replies":[{"embeddable":true,"href":"https:\/\/www.equalsalary.org\/fr\/wp-json\/wp\/v2\/comments?post=13488"}],"version-history":[{"count":4,"href":"https:\/\/www.equalsalary.org\/fr\/wp-json\/wp\/v2\/pages\/13488\/revisions"}],"predecessor-version":[{"id":17061,"href":"https:\/\/www.equalsalary.org\/fr\/wp-json\/wp\/v2\/pages\/13488\/revisions\/17061"}],"wp:attachment":[{"href":"https:\/\/www.equalsalary.org\/fr\/wp-json\/wp\/v2\/media?parent=13488"}],"curies":[{"name":"wp","href":"https:\/\/api.w.org\/{rel}","templated":true}]}}