    
    {"id":13485,"date":"2023-09-21T15:14:22","date_gmt":"2023-09-21T13:14:22","guid":{"rendered":"https:\/\/www.equalsalary.org\/list-of-sub-processors-and-recipients\/"},"modified":"2023-09-25T11:52:20","modified_gmt":"2023-09-25T09:52:20","slug":"list-of-sub-processors-and-recipients","status":"publish","type":"page","link":"https:\/\/www.equalsalary.org\/fr\/list-of-sub-processors-and-recipients\/","title":{"rendered":"LISTE DES SOUS-TRAITANTS ET DESTINATAIRES"},"content":{"rendered":"<h4><strong>1.\u00a0\u00a0 <\/strong><strong>HEBERGEMENT<\/strong><\/h4>\n<table style=\"font-weight: 400; height: 200px;\" width=\"893\">\n<tbody>\n<tr>\n<td width=\"121\"><strong>Sous-traitant<\/strong><\/td>\n<td width=\"121\"><strong>Type de t\u00e2che effectu\u00e9e<\/strong><\/td>\n<td width=\"121\"><strong>Pays de destination<\/strong><\/td>\n<td width=\"121\"><strong>Information sur la s\u00e9curit\u00e9 et la confidentialit\u00e9<\/strong><\/td>\n<td width=\"121\"><strong>Garanties pour transfert hors de la Suisse<\/strong><\/td>\n<\/tr>\n<tr>\n<td width=\"121\">Infomaniak<\/td>\n<td width=\"121\">Gestion du nom de domaine<\/td>\n<td width=\"121\">CH<\/td>\n<td width=\"121\"><a href=\"https:\/\/www.infomaniak.com\/en\/legal\/general-terms-and-conditions\">LIEN<\/a><\/td>\n<td width=\"121\">N\/A<\/td>\n<\/tr>\n<tr>\n<td width=\"121\">Infomaniak<\/td>\n<td width=\"121\">H\u00e9bergement du site web<\/td>\n<td width=\"121\">CH<\/td>\n<td width=\"121\"><a href=\"https:\/\/www.infomaniak.com\/en\/legal\/general-terms-and-conditions\">LIEN<\/a><\/td>\n<td width=\"121\">N\/A<\/td>\n<\/tr>\n<\/tbody>\n<\/table>\n<h4><\/h4>\n<h4><strong>2.\u00a0\u00a0 <\/strong><strong>ANALYTICS<\/strong><\/h4>\n<table style=\"font-weight: 400; height: 260px;\" width=\"893\">\n<tbody>\n<tr>\n<td width=\"121\"><strong>Sous-traitant<\/strong><\/td>\n<td width=\"121\"><strong>Type de t\u00e2che effectu\u00e9e<\/strong><\/td>\n<td width=\"121\"><strong>Pays de destination<\/strong><\/td>\n<td width=\"121\"><strong>Information sur la s\u00e9curit\u00e9 et la confidentialit\u00e9<\/strong><\/td>\n<td width=\"121\"><strong>Garanties pour transfert hors de la Suisse<\/strong><\/td>\n<\/tr>\n<tr>\n<td width=\"121\">Google Analytics<\/td>\n<td width=\"121\">Plateforme Analytique<\/td>\n<td width=\"121\">Mondial<\/td>\n<td width=\"121\">Uniquement des donn\u00e9es <u>anonymis\u00e9es <\/u>sont transmises<\/p>\n<p><a href=\"https:\/\/policies.google.com\/privacy\/frameworks\">LIEN<\/a><\/td>\n<td width=\"121\">Clauses contractuelles types<\/td>\n<\/tr>\n<\/tbody>\n<\/table>\n<h4><\/h4>\n<h4><strong>3.\u00a0\u00a0 <\/strong><strong>SUPPPORT<\/strong><\/h4>\n<table style=\"font-weight: 400; height: 322px;\" width=\"893\">\n<tbody>\n<tr>\n<td width=\"121\"><strong>Sous-traitant<\/strong><\/td>\n<td width=\"121\"><strong>Type de t\u00e2che effectu\u00e9e<\/strong><\/td>\n<td width=\"121\"><strong>Pays de destination<\/strong><\/td>\n<td width=\"129\"><strong>Information sur la s\u00e9curit\u00e9 et la confidentialit\u00e9<\/strong><\/td>\n<td width=\"113\"><strong>Garanties pour transfert hors de la Suisse<\/strong><\/td>\n<\/tr>\n<tr>\n<td width=\"121\">Ergopix<\/td>\n<td width=\"121\">D\u00e9veloppeur web et maintenance du site<\/td>\n<td width=\"121\">CH<\/td>\n<td width=\"129\"><a href=\"https:\/\/www.ergopix.com\/politique-de-confidentialite\/\">LIEN<\/a><\/td>\n<td width=\"113\">N\/A<\/td>\n<\/tr>\n<tr>\n<td width=\"121\">reCAPTCHA<\/td>\n<td width=\"121\">Utilis\u00e9 pour la pr\u00e9vention du spam de soumission de formulaire<\/td>\n<td width=\"121\">Mondial<\/td>\n<td width=\"129\"><a href=\"https:\/\/policies.google.com\/privacy\">LIEN<\/a><\/p>\n<p><a href=\"https:\/\/policies.google.com\/terms\">LIEN<\/a><\/td>\n<td width=\"113\">Clauses contractuelles types<\/td>\n<\/tr>\n<\/tbody>\n<\/table>\n<h4><\/h4>\n<h4><strong>4.\u00a0\u00a0 <\/strong><strong>FINANCE<\/strong><\/h4>\n<table style=\"font-weight: 400; height: 174px;\" width=\"894\">\n<tbody>\n<tr>\n<td width=\"121\"><strong>Sous-traitant<\/strong><\/td>\n<td width=\"121\"><strong>Type de t\u00e2che effectu\u00e9e<\/strong><\/td>\n<td width=\"121\"><strong>Pays de destination<\/strong><\/td>\n<td width=\"129\"><strong>Information sur la s\u00e9curit\u00e9 et la confidentialit\u00e9<\/strong><\/td>\n<td width=\"113\"><strong>Garanties pour transfert hors de la Suisse<\/strong><\/td>\n<\/tr>\n<tr>\n<td width=\"121\">Stripe<\/td>\n<td width=\"121\">Gestion du paiement des dons par CB<\/td>\n<td width=\"121\">Ireland<\/td>\n<td width=\"129\"><a href=\"https:\/\/stripe.com\/en-ca\/privacy\">LIEN<\/a><\/td>\n<td width=\"113\">Adequacy Zone<\/td>\n<\/tr>\n<\/tbody>\n<\/table>\n<h4><\/h4>\n<h4><strong>5.\u00a0\u00a0 <\/strong><strong>MARKETING<\/strong><\/h4>\n<table style=\"font-weight: 400; height: 150px;\" width=\"895\">\n<tbody>\n<tr>\n<td width=\"121\"><strong>Sous-traitant<\/strong><\/td>\n<td width=\"121\"><strong>Type de t\u00e2che effectu\u00e9e<\/strong><\/td>\n<td width=\"121\"><strong>Pays de destination<\/strong><\/td>\n<td width=\"129\"><strong>Information sur la s\u00e9curit\u00e9 et la confidentialit\u00e9<\/strong><\/td>\n<td width=\"113\"><strong>Garanties pour transfert hors de la Suisse<\/strong><\/td>\n<\/tr>\n<tr>\n<td width=\"121\">Mailchimp<\/td>\n<td width=\"121\">Envoi des newsletters<\/td>\n<td width=\"121\">Ireland<\/td>\n<td width=\"129\"><a href=\"https:\/\/mailchimp.com\/legal\/data-processing-addendum\/\">LIEN<\/a><\/td>\n<td width=\"113\">Adequacy Zone<\/td>\n<\/tr>\n<\/tbody>\n<\/table>\n<p>&nbsp;<\/p>\n<p><a href=\"https:\/\/www.equalsalary.org\/fr\/privacy-center\/\"><img loading=\"lazy\" decoding=\"async\" class=\"alignnone wp-image-13438\" src=\"https:\/\/www.equalsalary.org\/wp-content\/uploads\/2023\/09\/Centre-de-confidentialite-300x35.png\" alt=\"\" width=\"317\" height=\"37\" srcset=\"https:\/\/www.equalsalary.org\/wp-content\/uploads\/2023\/09\/Centre-de-confidentialite-300x35.png 300w, https:\/\/www.equalsalary.org\/wp-content\/uploads\/2023\/09\/Centre-de-confidentialite-1024x121.png 1024w, https:\/\/www.equalsalary.org\/wp-content\/uploads\/2023\/09\/Centre-de-confidentialite-768x90.png 768w, https:\/\/www.equalsalary.org\/wp-content\/uploads\/2023\/09\/Centre-de-confidentialite-800x94.png 800w, https:\/\/www.equalsalary.org\/wp-content\/uploads\/2023\/09\/Centre-de-confidentialite.png 1070w\" sizes=\"auto, (max-width: 317px) 100vw, 317px\" \/><\/a><\/p>\n<p>&nbsp;<\/p>\n","protected":false},"excerpt":{"rendered":"<p>1.\u00a0\u00a0 HEBERGEMENT Sous-traitant Type de t\u00e2che effectu\u00e9e Pays de destination Information sur la s\u00e9curit\u00e9 et la confidentialit\u00e9 Garanties pour transfert hors de la Suisse Infomaniak Gestion du nom de domaine&hellip;<\/p>\n","protected":false},"author":38,"featured_media":0,"parent":0,"menu_order":0,"comment_status":"closed","ping_status":"closed","template":"","meta":{"_acf_changed":false,"footnotes":""},"class_list":["post-13485","page","type-page","status-publish","hentry"],"acf":[],"_links":{"self":[{"href":"https:\/\/www.equalsalary.org\/fr\/wp-json\/wp\/v2\/pages\/13485","targetHints":{"allow":["GET"]}}],"collection":[{"href":"https:\/\/www.equalsalary.org\/fr\/wp-json\/wp\/v2\/pages"}],"about":[{"href":"https:\/\/www.equalsalary.org\/fr\/wp-json\/wp\/v2\/types\/page"}],"author":[{"embeddable":true,"href":"https:\/\/www.equalsalary.org\/fr\/wp-json\/wp\/v2\/users\/38"}],"replies":[{"embeddable":true,"href":"https:\/\/www.equalsalary.org\/fr\/wp-json\/wp\/v2\/comments?post=13485"}],"version-history":[{"count":4,"href":"https:\/\/www.equalsalary.org\/fr\/wp-json\/wp\/v2\/pages\/13485\/revisions"}],"predecessor-version":[{"id":13535,"href":"https:\/\/www.equalsalary.org\/fr\/wp-json\/wp\/v2\/pages\/13485\/revisions\/13535"}],"wp:attachment":[{"href":"https:\/\/www.equalsalary.org\/fr\/wp-json\/wp\/v2\/media?parent=13485"}],"curies":[{"name":"wp","href":"https:\/\/api.w.org\/{rel}","templated":true}]}}