    
    {"id":13462,"date":"2023-09-21T14:54:04","date_gmt":"2023-09-21T12:54:04","guid":{"rendered":"https:\/\/www.equalsalary.org\/terms-and-conditions-of-use-for-the-website-and-our-pages-on-social-media\/"},"modified":"2023-09-21T14:58:01","modified_gmt":"2023-09-21T12:58:01","slug":"terms-and-conditions-of-use-for-the-website-and-our-pages-on-social-media","status":"publish","type":"page","link":"https:\/\/www.equalsalary.org\/fr\/terms-and-conditions-of-use-for-the-website-and-our-pages-on-social-media\/","title":{"rendered":"CONDITIONS D\u2019UTILISATION DU SITE WEB ET D\u2019AUTRES PAGES SUR LES R\u00c9SEAUX SOCIAUX"},"content":{"rendered":"<ol>\n<li>\n<h4><strong>BIENVENUE DANS LE MONDE DE L\u2019\u00c9GALIT\u00c9 SALARIALE<\/strong><strong>!<\/strong><\/h4>\n<\/li>\n<\/ol>\n<p style=\"font-weight: 400;\">Nous nous engageons \u00e0 pr\u00e9server la confiance de nos visiteurs sur nos sites Web, Plateformes et r\u00e9seaux sociaux (les \u00abSites\u00bb).<\/p>\n<p style=\"font-weight: 400;\">\n<p style=\"font-weight: 400;\">Nos Conditions d\u2019utilisation s\u2019appliquent \u00e0 tout utilisateur de nos sites, en particulier les visiteurs, organisations candidates ou partenaires. En acc\u00e9dant et en naviguant sur notre site web ou nos pages sur les r\u00e9seaux sociaux, vous reconnaissez en accepter les conditions.<\/p>\n<p style=\"font-weight: 400;\">\n<p style=\"font-weight: 400;\">Nous nous r\u00e9servons le droit de modifier ces Conditions d\u2019utilisation en tout temps, notamment pour des raisons juridiques ou pour permettre un meilleur fonctionnement des Sites.<\/p>\n<ol start=\"2\">\n<li>\n<h4><strong>PROPRI\u00c9T\u00c9 INTELLECTUELLE<\/strong><\/h4>\n<\/li>\n<\/ol>\n<p style=\"font-weight: 400;\">Les droits d\u2019auteur, de marque et autres droits de propri\u00e9t\u00e9 intellectuelle concernant les textes, images et autres documents pr\u00e9sents dans nos Sites appartiennent \u00e0 EQUAL-SALARY ou sont utilis\u00e9s avec permission. Aucune reproduction de nos Sites ne peut \u00eatre vendue ou distribu\u00e9e \u00e0 des fins commerciales.<\/p>\n<p style=\"font-weight: 400;\">\n<p style=\"font-weight: 400;\">Lorsque vous nous envoyez des informations, suggestions ou id\u00e9es, vous nous garantissez d\u00e9tenir tous les droits sur les contenus fournis ou d\u2019avoir obtenu la permission de les partager. Vous nous autorisez aussi \u00e0 utiliser votre mat\u00e9riel sans contrepartie en \u00e9change, pour une dur\u00e9e illimit\u00e9e.<\/p>\n<p style=\"font-weight: 400;\">\n<p style=\"font-weight: 400;\">EQUAL-SALARY ne garantit pas que ce mat\u00e9riel utilis\u00e9 sur notre site internet ne viole les droits \u00e9ventuels de tiers.<\/p>\n<ol start=\"3\">\n<li>\n<h4><strong>COMMENTAIRES ET TEMOIGNAGES<\/strong><\/h4>\n<\/li>\n<\/ol>\n<p style=\"font-weight: 400;\">EQUAL-SALARY se r\u00e9jouit que vous partagiez vos commentaires et exp\u00e9riences sur nos programmes de certification ou sur nos activit\u00e9s sur nos Sites. Merci de partager des t\u00e9moignages aussi pr\u00e9cis que possible et constructifs. Si n\u00e9cessaire nous adapterons vos t\u00e9moignages pour des raisons de longueur, d\u2019orthographe, etc. Les t\u00e9moignages inappropri\u00e9s ou discriminatoires seront supprim\u00e9s.<\/p>\n<ol start=\"4\">\n<li>\n<h4><strong>VOTRE COMPTE<\/strong><\/h4>\n<\/li>\n<\/ol>\n<p style=\"font-weight: 400;\">Si vous ouvrez un compte sur un de nos Sites, vous \u00eates responsable de veiller \u00e0 ce que les informations personnelles fournies soient correctes et pr\u00e9cises. Vous \u00eates aussi pri\u00e9s de garder votre mot de passe secret.<\/p>\n<p style=\"font-weight: 400;\">Nous nous r\u00e9servons le droit de ne plus proposer nos services et\/ou de fermer des comptes sans pr\u00e9avis si nous consid\u00e9rons que vous enfreignez ces conditions ou si nous d\u00e9cidions de le faire dans l\u2019int\u00e9r\u00eat d\u2019EQUAL-SALARY.<\/p>\n<ol start=\"5\">\n<li>\n<h4><strong>JURIDICTION ET CONTACT<\/strong><\/h4>\n<\/li>\n<\/ol>\n<p style=\"font-weight: 400;\">Ces Conditions d\u2019utilisation sont r\u00e9gies par le droit suisse et toute controverse est de la comp\u00e9tence des tribunaux suisses. Le for juridique est \u00e0 Lausanne, Suisse.<\/p>\n<p style=\"font-weight: 400;\">\n<p style=\"font-weight: 400;\">Ce site est g\u00e9r\u00e9 par Fondation EQUAL-SALARY, Chauss\u00e9e de la Guinguette 12, 1800 Vevey, Suisse. Si vous avez une question, veuillez nous contacter par email \u00e0\u00a0<a href=\"javascript:secureDecryptAndNavigate('BdX0G\/Ft5+WLTqaLO0X7mojTvpxfT\/Da2t4vAM4O7cONCOwUOSD3Vf96+9Cydgkg2CMz6BukJc0UmRXWeZCDV40YNAzgFH0IXFsc', '562b51faa79e5ed13cbf5a78e309a1e1276f957d757bc6834cfa59f56969a34d')\">&#105;n&#102;o&#64;equal&#115;&#97;l&#97;r&#121;.o&#114;&#103;<\/a>, ou nous \u00e9crire \u00e0 l\u2019adresse postale ci-dessus.<\/p>\n<p>&nbsp;<\/p>\n<p><a href=\"https:\/\/www.equalsalary.org\/fr\/privacy-center\/\"><img loading=\"lazy\" decoding=\"async\" class=\"alignnone wp-image-13438\" src=\"https:\/\/www.equalsalary.org\/wp-content\/uploads\/2023\/09\/Centre-de-confidentialite-300x35.png\" alt=\"\" width=\"317\" height=\"37\" srcset=\"https:\/\/www.equalsalary.org\/wp-content\/uploads\/2023\/09\/Centre-de-confidentialite-300x35.png 300w, https:\/\/www.equalsalary.org\/wp-content\/uploads\/2023\/09\/Centre-de-confidentialite-1024x121.png 1024w, https:\/\/www.equalsalary.org\/wp-content\/uploads\/2023\/09\/Centre-de-confidentialite-768x90.png 768w, https:\/\/www.equalsalary.org\/wp-content\/uploads\/2023\/09\/Centre-de-confidentialite-800x94.png 800w, https:\/\/www.equalsalary.org\/wp-content\/uploads\/2023\/09\/Centre-de-confidentialite.png 1070w\" sizes=\"auto, (max-width: 317px) 100vw, 317px\" \/><\/a><\/p>\n","protected":false},"excerpt":{"rendered":"<p>BIENVENUE DANS LE MONDE DE L\u2019\u00c9GALIT\u00c9 SALARIALE! Nous nous engageons \u00e0 pr\u00e9server la confiance de nos visiteurs sur nos sites Web, Plateformes et r\u00e9seaux sociaux (les \u00abSites\u00bb). Nos Conditions d\u2019utilisation&hellip;<\/p>\n","protected":false},"author":38,"featured_media":0,"parent":0,"menu_order":0,"comment_status":"closed","ping_status":"closed","template":"","meta":{"_acf_changed":false,"footnotes":""},"class_list":["post-13462","page","type-page","status-publish","hentry"],"acf":[],"_links":{"self":[{"href":"https:\/\/www.equalsalary.org\/fr\/wp-json\/wp\/v2\/pages\/13462","targetHints":{"allow":["GET"]}}],"collection":[{"href":"https:\/\/www.equalsalary.org\/fr\/wp-json\/wp\/v2\/pages"}],"about":[{"href":"https:\/\/www.equalsalary.org\/fr\/wp-json\/wp\/v2\/types\/page"}],"author":[{"embeddable":true,"href":"https:\/\/www.equalsalary.org\/fr\/wp-json\/wp\/v2\/users\/38"}],"replies":[{"embeddable":true,"href":"https:\/\/www.equalsalary.org\/fr\/wp-json\/wp\/v2\/comments?post=13462"}],"version-history":[{"count":2,"href":"https:\/\/www.equalsalary.org\/fr\/wp-json\/wp\/v2\/pages\/13462\/revisions"}],"predecessor-version":[{"id":13464,"href":"https:\/\/www.equalsalary.org\/fr\/wp-json\/wp\/v2\/pages\/13462\/revisions\/13464"}],"wp:attachment":[{"href":"https:\/\/www.equalsalary.org\/fr\/wp-json\/wp\/v2\/media?parent=13462"}],"curies":[{"name":"wp","href":"https:\/\/api.w.org\/{rel}","templated":true}]}}