    
    {"id":13450,"date":"2023-09-21T13:54:36","date_gmt":"2023-09-21T11:54:36","guid":{"rendered":"https:\/\/www.equalsalary.org\/data-protection-charter-for-data-subjects\/"},"modified":"2025-06-25T09:09:07","modified_gmt":"2025-06-25T07:09:07","slug":"data-protection-charter-for-data-subjects","status":"publish","type":"page","link":"https:\/\/www.equalsalary.org\/fr\/data-protection-charter-for-data-subjects\/","title":{"rendered":"CHARTE DE PROTECTION DES DONN\u00c9ES"},"content":{"rendered":"<h4><strong>\u00c0 destination des employ\u00e9.e.s des entreprises candidates \u00e0 la certification EQUAL-SALARY<\/strong><strong>\u00a0<\/strong><\/h4>\n<p>&nbsp;<\/p>\n<p style=\"font-weight: 400;\"><strong>Nos engagements pour prot\u00e9ger vos donn\u00e9es personnelles<\/strong><\/p>\n<p>&nbsp;<\/p>\n<p style=\"font-weight: 400;\">Les informations qui touchent les employ\u00e9.e.s des entreprises candidates \u00e0 l\u2019obtention de la certification EQUAL-SALARY sont personnelles et doivent \u00eatre prot\u00e9g\u00e9es. \u00c0 ce titre, les employ\u00e9.e.s des entreprises candidates doivent savoir o\u00f9 sont stock\u00e9es les informations, savoir qui peut y avoir acc\u00e8s et comment elles sont utilis\u00e9es. La Fondation EQUAL-SALARY a donc d\u00e9cid\u00e9 de publier cette charte qui a pour objectif de rappeler nos engagements pour prot\u00e9ger vos donn\u00e9es.<\/p>\n<ol style=\"font-weight: 400;\">\n<li>EQUAL-SALARY est une Fondation \u00e0 but non-lucratif qui effectue des analyses statistiques et des audits afin de v\u00e9rifier le respect de l\u2019\u00e9galit\u00e9 salariale au sein des entreprises candidates \u00e0 la certification EQUAL-SALARY. Vos donn\u00e9es personnelles ne sont pas utilis\u00e9es \u00e0 d\u2019autres fins que celle mentionn\u00e9e ci-dessus, nous n\u2019utilisons pas vos donn\u00e9es personnelles pour faire de la publicit\u00e9 ou vendre des services et la Fondation EQUAL-SALARY n\u2019a pas d\u2019activit\u00e9 commerciale.<\/li>\n<li>Nous respectons les exigences suisses et europ\u00e9ennes sur la protection des donn\u00e9es personnelles, en particulier la loi f\u00e9d\u00e9rale sur la protection des donn\u00e9es (LPD) suisse et le R\u00e8glement G\u00e9n\u00e9ral sur la Protection des Donn\u00e9es (RGPD) Europ\u00e9en.<\/li>\n<li>Nous h\u00e9bergeons vos donn\u00e9es personnelles exclusivement en Suisse. La plateforme EQUAL-SALARY, qui sert de plateforme d\u2019\u00e9change d\u2019informations entre les entreprises candidates et les prestataires de services, est h\u00e9berg\u00e9e au sein d\u2019un data center en Suisse certifi\u00e9 TIER IV, c\u2019est-\u00e0-dire le niveau maximum de s\u00e9curit\u00e9 en termes de data center.<\/li>\n<li>Nous mettons tout en \u0153uvre pour garantir la s\u00e9curit\u00e9 de vos donn\u00e9es personnelles. Nous suivons les standards ISO27001 et ISO 27701, qui d\u00e9finissent les bonnes pratiques en termes de s\u00e9curit\u00e9 de l\u2019information et protection des donn\u00e9es. De plus, nous r\u00e9alisons des tests de s\u00e9curit\u00e9 r\u00e9currents sur notre plateforme avec des entreprises tierces sp\u00e9cialis\u00e9es afin de nous assurer de l\u2019efficacit\u00e9 des mesures prises.<\/li>\n<li>Vos donn\u00e9es personnelles sont pseudonymis\u00e9es sur la plateforme EQUAL-SALARY et stock\u00e9es de mani\u00e8re crypt\u00e9e.<\/li>\n<li>Vos donn\u00e9es personnelles sont confidentielles : l\u2019acc\u00e8s \u00e0 ces donn\u00e9es est limit\u00e9 au strict n\u00e9cessaire selon les principes du \u00ab\u00a0Moindre Privil\u00e8ge\u00a0\u00bb. Les sous-traitants et employ\u00e9.e.s d\u2019EQUAL-SALARY ayant acc\u00e8s \u00e0 vos donn\u00e9es sont d\u00e9taill\u00e9s dans le <em>Centre de confidentialit\u00e9 EQUAL-SALARY<\/em> et font l\u2019objet de v\u00e9rifications.<\/li>\n<li>Nous nous engageons \u00e0 supprimer vos donn\u00e9es personnelles au plus tard deux mois apr\u00e8s la fin de validit\u00e9 de la certification EQUAL-SALARY.<\/li>\n<li>Vous trouverez davantage d\u2019informations sur nos pratiques en mati\u00e8re de protection des donn\u00e9es, comme par exemple notre politique de confidentialit\u00e9, dans le Centre de confidentialit\u00e9 EQUAL-SALARY.<\/li>\n<\/ol>\n<p style=\"font-weight: 400;\"><strong>Vevey, 25.06.2025<\/strong><\/p>\n<p><a href=\"https:\/\/www.equalsalary.org\/fr\/privacy-center\/\"><img loading=\"lazy\" decoding=\"async\" class=\"alignnone wp-image-13438\" src=\"https:\/\/www.equalsalary.org\/wp-content\/uploads\/2023\/09\/Centre-de-confidentialite-300x35.png\" alt=\"\" width=\"317\" height=\"37\" srcset=\"https:\/\/www.equalsalary.org\/wp-content\/uploads\/2023\/09\/Centre-de-confidentialite-300x35.png 300w, https:\/\/www.equalsalary.org\/wp-content\/uploads\/2023\/09\/Centre-de-confidentialite-1024x121.png 1024w, https:\/\/www.equalsalary.org\/wp-content\/uploads\/2023\/09\/Centre-de-confidentialite-768x90.png 768w, https:\/\/www.equalsalary.org\/wp-content\/uploads\/2023\/09\/Centre-de-confidentialite-800x94.png 800w, https:\/\/www.equalsalary.org\/wp-content\/uploads\/2023\/09\/Centre-de-confidentialite.png 1070w\" sizes=\"auto, (max-width: 317px) 100vw, 317px\" \/><\/a><\/p>\n<p>&nbsp;<\/p>\n","protected":false},"excerpt":{"rendered":"<p>\u00c0 destination des employ\u00e9.e.s des entreprises candidates \u00e0 la certification EQUAL-SALARY\u00a0 &nbsp; Nos engagements pour prot\u00e9ger vos donn\u00e9es personnelles &nbsp; Les informations qui touchent les employ\u00e9.e.s des entreprises candidates \u00e0&hellip;<\/p>\n","protected":false},"author":38,"featured_media":0,"parent":0,"menu_order":0,"comment_status":"closed","ping_status":"closed","template":"","meta":{"_acf_changed":false,"footnotes":""},"class_list":["post-13450","page","type-page","status-publish","hentry"],"acf":[],"_links":{"self":[{"href":"https:\/\/www.equalsalary.org\/fr\/wp-json\/wp\/v2\/pages\/13450","targetHints":{"allow":["GET"]}}],"collection":[{"href":"https:\/\/www.equalsalary.org\/fr\/wp-json\/wp\/v2\/pages"}],"about":[{"href":"https:\/\/www.equalsalary.org\/fr\/wp-json\/wp\/v2\/types\/page"}],"author":[{"embeddable":true,"href":"https:\/\/www.equalsalary.org\/fr\/wp-json\/wp\/v2\/users\/38"}],"replies":[{"embeddable":true,"href":"https:\/\/www.equalsalary.org\/fr\/wp-json\/wp\/v2\/comments?post=13450"}],"version-history":[{"count":6,"href":"https:\/\/www.equalsalary.org\/fr\/wp-json\/wp\/v2\/pages\/13450\/revisions"}],"predecessor-version":[{"id":16771,"href":"https:\/\/www.equalsalary.org\/fr\/wp-json\/wp\/v2\/pages\/13450\/revisions\/16771"}],"wp:attachment":[{"href":"https:\/\/www.equalsalary.org\/fr\/wp-json\/wp\/v2\/media?parent=13450"}],"curies":[{"name":"wp","href":"https:\/\/api.w.org\/{rel}","templated":true}]}}